{"id":28,"date":"2026-04-06T21:23:27","date_gmt":"2026-04-06T21:23:27","guid":{"rendered":"https:\/\/wavessport.com\/anasayfa\/"},"modified":"2026-04-06T22:37:57","modified_gmt":"2026-04-06T22:37:57","slug":"anasayfa","status":"publish","type":"page","link":"https:\/\/wavessport.com\/en\/","title":{"rendered":"Home"},"content":{"rendered":"<div data-elementor-type=\"wp-page\" data-elementor-id=\"28\" class=\"elementor elementor-28\">\n\t\t\t\t\t\t<section class=\"elementor-section elementor-top-section elementor-element elementor-element-2c4b172d elementor-section-full_width elementor-section-height-default elementor-section-height-default\" data-id=\"2c4b172d\" data-element_type=\"section\" data-e-type=\"section\">\n\t\t\t\t\t\t<div class=\"elementor-container elementor-column-gap-no\">\n\t\t\t\t\t<div class=\"elementor-column elementor-col-100 elementor-top-column elementor-element elementor-element-ab5e30d4\" data-id=\"ab5e30d4\" data-element_type=\"column\" data-e-type=\"column\">\n\t\t\t<div class=\"elementor-widget-wrap elementor-element-populated\">\n\t\t\t\t\t\t<div class=\"elementor-element elementor-element-083a8b95 elementor-widget elementor-widget-html\" data-id=\"083a8b95\" data-element_type=\"widget\" data-e-type=\"widget\" data-widget_type=\"html.default\">\n\t\t\t\t\t<div class=\"waves-hero\" style=\"background-image:url(https:\/\/wavessport.com\/wp-content\/uploads\/2026\/04\/waves-hero.jpg)\"><div class=\"waves-hero-overlay\"><img decoding=\"async\" src=\"https:\/\/wavessport.com\/wp-content\/uploads\/2026\/04\/waves-logo.png\" alt=\"Waves Sport\" class=\"waves-hero-logo\"><h1>WAVES SPORT<\/h1><h2>WELCOME<\/h2><\/div><\/div>\t\t\t\t<\/div>\n\t\t\t\t\t<\/div>\n\t\t<\/div>\n\t\t\t\t\t<\/div>\n\t\t<\/section>\n\t\t\t\t<section class=\"elementor-section elementor-top-section elementor-element elementor-element-c0f15ebc elementor-section-full_width elementor-section-height-default elementor-section-height-default\" data-id=\"c0f15ebc\" data-element_type=\"section\" data-e-type=\"section\">\n\t\t\t\t\t\t<div class=\"elementor-container elementor-column-gap-no\">\n\t\t\t\t\t<div class=\"elementor-column elementor-col-100 elementor-top-column elementor-element elementor-element-f4897198\" data-id=\"f4897198\" data-element_type=\"column\" data-e-type=\"column\">\n\t\t\t<div class=\"elementor-widget-wrap elementor-element-populated\">\n\t\t\t\t\t\t<div class=\"elementor-element elementor-element-0c3b9d97 elementor-widget elementor-widget-html\" data-id=\"0c3b9d97\" data-element_type=\"widget\" data-e-type=\"widget\" data-widget_type=\"html.default\">\n\t\t\t\t\t<div class=\"waves-section waves-vm-section\"><div class=\"waves-container waves-vm-grid\"><div class=\"waves-vm-card\"><h3>Our Vision<\/h3><p>To be recognized as a sports shoe and boot brand that leads shoe fashion worldwide. To enrich our customers' shoe-wearing experience by offering creative, comfortable and affordable sports shoe options.<\/p><\/div><div class=\"waves-vm-card\"><h3>Our Mission<\/h3><p>As the Waves Sport family, to support our customers in expressing their style by offering shoe collections that are in line with the latest trends. To provide the most qualified sports shoes and boots for healthy walks for a healthy life for the community.<\/p><\/div><\/div><\/div>\t\t\t\t<\/div>\n\t\t\t\t\t<\/div>\n\t\t<\/div>\n\t\t\t\t\t<\/div>\n\t\t<\/section>\n\t\t\t\t<section class=\"elementor-section elementor-top-section elementor-element elementor-element-e4fcf7f6 elementor-section-full_width elementor-section-height-default elementor-section-height-default\" data-id=\"e4fcf7f6\" data-element_type=\"section\" data-e-type=\"section\">\n\t\t\t\t\t\t<div class=\"elementor-container elementor-column-gap-no\">\n\t\t\t\t\t<div class=\"elementor-column elementor-col-100 elementor-top-column elementor-element elementor-element-e53974e2\" data-id=\"e53974e2\" data-element_type=\"column\" data-e-type=\"column\">\n\t\t\t<div class=\"elementor-widget-wrap elementor-element-populated\">\n\t\t\t\t\t\t<div class=\"elementor-element elementor-element-3b3381fb elementor-widget elementor-widget-html\" data-id=\"3b3381fb\" data-element_type=\"widget\" data-e-type=\"widget\" data-widget_type=\"html.default\">\n\t\t\t\t\t<div class=\"waves-section waves-gallery-section\"><div class=\"waves-container\"><h2 class=\"waves-section-title\">Our Gallery<\/h2><div class=\"waves-gallery-grid\"><div class=\"waves-gallery-item\"><video src=\"https:\/\/wavessport.com\/wp-content\/uploads\/2026\/04\/waves-210-video.mp4\" poster=\"https:\/\/wavessport.com\/wp-content\/uploads\/2026\/04\/waves-210-poster.jpg\" autoplay muted loop playsinline><\/video><span>WAVES 210 Boot<\/span><\/div><div class=\"waves-gallery-item\"><img decoding=\"async\" src=\"https:\/\/wavessport.com\/wp-content\/uploads\/2026\/04\/waves-128.png\" alt=\"Waves 128 Patik\"><span>Waves 128 Ankle Boot<\/span><\/div><div class=\"waves-gallery-item\"><img decoding=\"async\" src=\"https:\/\/wavessport.com\/wp-content\/uploads\/2026\/04\/waves-130.png\" alt=\"Waves 130 Patik\"><span>Waves 130 Ankle Boot<\/span><\/div><div class=\"waves-gallery-item\"><video src=\"https:\/\/wavessport.com\/wp-content\/uploads\/2026\/04\/waves-200-video.mp4\" poster=\"https:\/\/wavessport.com\/wp-content\/uploads\/2026\/04\/waves-200-poster.jpg\" autoplay muted loop playsinline><\/video><span>WAVES 200 Boot<\/span><\/div><div class=\"waves-gallery-item\"><img decoding=\"async\" src=\"https:\/\/wavessport.com\/wp-content\/uploads\/2026\/04\/waves-135.png\" alt=\"Waves 135 Patik\"><span>Waves 135 Ankle Boot<\/span><\/div><div class=\"waves-gallery-item\"><img decoding=\"async\" src=\"https:\/\/wavessport.com\/wp-content\/uploads\/2026\/04\/waves-210.png\" alt=\"Waves 210 Bot\"><span>Waves 210 Boot<\/span><\/div><div class=\"waves-gallery-item\"><video src=\"https:\/\/wavessport.com\/wp-content\/uploads\/2026\/04\/waves-135-video.mp4\" poster=\"https:\/\/wavessport.com\/wp-content\/uploads\/2026\/04\/waves-135-poster.jpg\" autoplay muted loop playsinline><\/video><span>WAVES 135 Aqua<\/span><\/div><div class=\"waves-gallery-item\"><img decoding=\"async\" src=\"https:\/\/wavessport.com\/wp-content\/uploads\/2026\/04\/waves-200.png\" alt=\"Waves 200 Bot\"><span>Waves 200 Boot<\/span><\/div><div class=\"waves-gallery-item\"><img decoding=\"async\" src=\"https:\/\/wavessport.com\/wp-content\/uploads\/2026\/04\/waves-220.png\" alt=\"Waves 220 Bot\"><span>Waves 220 Boot<\/span><\/div><\/div><\/div><\/div>\t\t\t\t<\/div>\n\t\t\t\t\t<\/div>\n\t\t<\/div>\n\t\t\t\t\t<\/div>\n\t\t<\/section>\n\t\t\t\t<section class=\"elementor-section elementor-top-section elementor-element elementor-element-70f245b4 elementor-section-full_width elementor-section-height-default elementor-section-height-default\" data-id=\"70f245b4\" data-element_type=\"section\" data-e-type=\"section\">\n\t\t\t\t\t\t<div class=\"elementor-container elementor-column-gap-no\">\n\t\t\t\t\t<div class=\"elementor-column elementor-col-100 elementor-top-column elementor-element elementor-element-56947dee\" data-id=\"56947dee\" data-element_type=\"column\" data-e-type=\"column\">\n\t\t\t<div class=\"elementor-widget-wrap elementor-element-populated\">\n\t\t\t\t\t\t<div class=\"elementor-element elementor-element-661dc9f6 elementor-widget elementor-widget-html\" data-id=\"661dc9f6\" data-element_type=\"widget\" data-e-type=\"widget\" data-widget_type=\"html.default\">\n\t\t\t\t\t<div class=\"waves-section waves-neredeyiz-section\"><div class=\"waves-container\"><h2 class=\"waves-section-title\">Where Are We?<\/h2><div class=\"waves-map-wrapper\"><iframe src=\"https:\/\/www.google.com\/maps\/embed?pb=!1m18!1m12!1m3!1d3010.78845433413!2d28.9697116!3d41.008003200000005!2m3!1f0!2f0!3f0!3m2!1i1024!2i768!4f13.1!3m3!1m2!1s0x14cab990da0e0719%3A0xb724e74690ccdf8d!2sToptan%20Ayakkab%C4%B1%20Sat%C4%B1%C5%9F%20Merkezi%20Toptanc%C4%B1mburada.com%20%C4%B0stanbul%20Gedikpa%C5%9Fa!5e0!3m2!1str!2str!4v1775512712357!5m2!1str!2str\" allowfullscreen=\"\" loading=\"lazy\" referrerpolicy=\"no-referrer-when-downgrade\"><\/iframe><\/div><div class=\"waves-features-grid\"><div class=\"waves-feature-card\"><div class=\"waves-feature-icon\"><i class=\"fas fa-face-smile fa-icon-feature\"><\/i><\/div><h4>Customer<br>Satisfaction<\/h4><\/div><div class=\"waves-feature-card\"><div class=\"waves-feature-icon\"><i class=\"fas fa-medal fa-icon-feature\"><\/i><\/div><h4>7\/24<br>Quality<\/h4><\/div><div class=\"waves-feature-card\"><div class=\"waves-feature-icon\"><i class=\"fas fa-globe fa-icon-feature\"><\/i><\/div><h4>Worldwide<br>Service<\/h4><\/div><div class=\"waves-feature-card\"><div class=\"waves-feature-icon\"><i class=\"fas fa-truck-fast fa-icon-feature\"><\/i><\/div><h4>Fast<br>Delivery<\/h4><\/div><\/div><\/div><\/div>\t\t\t\t<\/div>\n\t\t\t\t\t<\/div>\n\t\t<\/div>\n\t\t\t\t\t<\/div>\n\t\t<\/section>\n\t\t\t\t<\/div>","protected":false},"excerpt":{"rendered":"WAVES SPORT HO\u015eGELD\u0130N\u0130Z Vizyonumuz D\u00fcnya genelinde ayakkab\u0131 modas\u0131na y\u00f6n veren spor ayakkab\u0131 ve bot markas\u0131 olarak tan\u0131nmak. M\u00fc\u015fterilerimize yarat\u0131c\u0131, rahat ve uygun fiyatl\u0131 spor ayakkab\u0131 se\u00e7enekleri sunarak ayakkab\u0131 giyme deneyimlerini zenginle\u015ftirmek. Misyonumuz Waves Sport ailesi olarak M\u00fc\u015fterilerimize son trendlere uygun ayakkab\u0131 koleksiyonlar\u0131 sunarak onlar\u0131n tarzlar\u0131n\u0131 ifade etmelerini desteklemek. Topluma sa\u011fl\u0131kl\u0131 bir ya\u015fam i\u00e7in, sa\u011fl\u0131kl\u0131 y\u00fcr\u00fcy\u00fc\u015flerde [&hellip;]","protected":false},"author":0,"featured_media":0,"parent":0,"menu_order":0,"comment_status":"closed","ping_status":"closed","template":"elementor_header_footer","meta":{"footnotes":""},"class_list":["post-28","page","type-page","status-publish","hentry"],"_links":{"self":[{"href":"https:\/\/wavessport.com\/en\/wp-json\/wp\/v2\/pages\/28","targetHints":{"allow":["GET"]}}],"collection":[{"href":"https:\/\/wavessport.com\/en\/wp-json\/wp\/v2\/pages"}],"about":[{"href":"https:\/\/wavessport.com\/en\/wp-json\/wp\/v2\/types\/page"}],"replies":[{"embeddable":true,"href":"https:\/\/wavessport.com\/en\/wp-json\/wp\/v2\/comments?post=28"}],"version-history":[{"count":3,"href":"https:\/\/wavessport.com\/en\/wp-json\/wp\/v2\/pages\/28\/revisions"}],"predecessor-version":[{"id":43,"href":"https:\/\/wavessport.com\/en\/wp-json\/wp\/v2\/pages\/28\/revisions\/43"}],"wp:attachment":[{"href":"https:\/\/wavessport.com\/en\/wp-json\/wp\/v2\/media?parent=28"}],"curies":[{"name":"wp","href":"https:\/\/api.w.org\/{rel}","templated":true}]}}