{"id":29,"date":"2026-04-06T21:23:27","date_gmt":"2026-04-06T21:23:27","guid":{"rendered":"https:\/\/wavessport.com\/hakkimizda\/"},"modified":"2026-04-06T22:37:58","modified_gmt":"2026-04-06T22:37:58","slug":"hakkimizda","status":"publish","type":"page","link":"https:\/\/wavessport.com\/en\/hakkimizda\/","title":{"rendered":"About Us"},"content":{"rendered":"<div data-elementor-type=\"wp-page\" data-elementor-id=\"29\" class=\"elementor elementor-29\">\n\t\t\t\t\t\t<section class=\"elementor-section elementor-top-section elementor-element elementor-element-48e4fd25 elementor-section-full_width elementor-section-height-default elementor-section-height-default\" data-id=\"48e4fd25\" data-element_type=\"section\" data-e-type=\"section\">\n\t\t\t\t\t\t<div class=\"elementor-container elementor-column-gap-no\">\n\t\t\t\t\t<div class=\"elementor-column elementor-col-100 elementor-top-column elementor-element elementor-element-aeabb995\" data-id=\"aeabb995\" data-element_type=\"column\" data-e-type=\"column\">\n\t\t\t<div class=\"elementor-widget-wrap elementor-element-populated\">\n\t\t\t\t\t\t<div class=\"elementor-element elementor-element-81f69f8e elementor-widget elementor-widget-html\" data-id=\"81f69f8e\" data-element_type=\"widget\" data-e-type=\"widget\" data-widget_type=\"html.default\">\n\t\t\t\t\t<div class=\"waves-section waves-about-section\"><div class=\"waves-container\"><h2 class=\"waves-page-title\">About Us<\/h2><div class=\"waves-about-content\"><p>Our brand is one of the leading names in the shoe industry. With years of experience, we provide high-quality and trendy footwear solutions to our customers.<\/p><h3>Quality and Variety<\/h3><p>We always prioritize customer satisfaction and continuously work to offer high-quality shoes to our customers. Our wide product range includes shoes that cater to different styles and needs.<\/p><h3>Supplier Relations<\/h3><p>Our company works in close cooperation with reliable suppliers from all around the world. This allows us to follow the latest trends and always offer up-to-date collections to our customers.<\/p><h3>Fast and Reliable Distribution<\/h3><p>We have an effective distribution network to respond quickly to our customers' needs. We strive to deliver your orders on time.<\/p><h3>Customer Focus<\/h3><p>Customer satisfaction is the cornerstone of our business. We aim to build long-term business relationships by offering tailored solutions to each customer's needs.<\/p><p>Our company is a reliable business partner in the wholesale shoe industry. If you would like to get the best shoes at the best prices, do not hesitate to contact us.<\/p><\/div><\/div><\/div>\t\t\t\t<\/div>\n\t\t\t\t\t<\/div>\n\t\t<\/div>\n\t\t\t\t\t<\/div>\n\t\t<\/section>\n\t\t\t\t<\/div>","protected":false},"excerpt":{"rendered":"Hakk\u0131m\u0131zda Markam\u0131z, ayakkab\u0131 sekt\u00f6r\u00fcnde \u00f6nde gelen isimlerinden biridir. Uzun y\u0131llara dayanan deneyimimiz ve g\u00fc\u00e7l\u00fc tedarik\u00e7i ili\u015fkilerimiz sayesinde, m\u00fc\u015fterilerimize en iyi ayakkab\u0131lar\u0131 en rekabet\u00e7i fiyatlarla sunuyoruz. Kalite ve \u00c7e\u015fitlilik M\u00fc\u015fteri memnuniyetini her zaman \u00f6n planda tutuyor ve m\u00fc\u015fterilerimize y\u00fcksek kaliteli ayakkab\u0131lar sunmak i\u00e7in s\u00fcrekli olarak \u00e7al\u0131\u015f\u0131yoruz. Geni\u015f \u00fcr\u00fcn yelpazemiz, farkl\u0131 tarzlara ve ihtiya\u00e7lara hitap eden ayakkab\u0131lar\u0131 [&hellip;]","protected":false},"author":0,"featured_media":0,"parent":0,"menu_order":0,"comment_status":"closed","ping_status":"closed","template":"elementor_header_footer","meta":{"footnotes":""},"class_list":["post-29","page","type-page","status-publish","hentry"],"_links":{"self":[{"href":"https:\/\/wavessport.com\/en\/wp-json\/wp\/v2\/pages\/29","targetHints":{"allow":["GET"]}}],"collection":[{"href":"https:\/\/wavessport.com\/en\/wp-json\/wp\/v2\/pages"}],"about":[{"href":"https:\/\/wavessport.com\/en\/wp-json\/wp\/v2\/types\/page"}],"replies":[{"embeddable":true,"href":"https:\/\/wavessport.com\/en\/wp-json\/wp\/v2\/comments?post=29"}],"version-history":[{"count":1,"href":"https:\/\/wavessport.com\/en\/wp-json\/wp\/v2\/pages\/29\/revisions"}],"predecessor-version":[{"id":44,"href":"https:\/\/wavessport.com\/en\/wp-json\/wp\/v2\/pages\/29\/revisions\/44"}],"wp:attachment":[{"href":"https:\/\/wavessport.com\/en\/wp-json\/wp\/v2\/media?parent=29"}],"curies":[{"name":"wp","href":"https:\/\/api.w.org\/{rel}","templated":true}]}}