{"id":30,"date":"2026-04-06T21:23:27","date_gmt":"2026-04-06T21:23:27","guid":{"rendered":"https:\/\/wavessport.com\/urunlerimiz\/"},"modified":"2026-04-06T22:37:59","modified_gmt":"2026-04-06T22:37:59","slug":"urunlerimiz","status":"publish","type":"page","link":"https:\/\/wavessport.com\/en\/urunlerimiz\/","title":{"rendered":"Products"},"content":{"rendered":"<div data-elementor-type=\"wp-page\" data-elementor-id=\"30\" class=\"elementor elementor-30\">\n\t\t\t\t\t\t<section class=\"elementor-section elementor-top-section elementor-element elementor-element-5f84de6b elementor-section-full_width elementor-section-height-default elementor-section-height-default\" data-id=\"5f84de6b\" data-element_type=\"section\" data-e-type=\"section\">\n\t\t\t\t\t\t<div class=\"elementor-container elementor-column-gap-no\">\n\t\t\t\t\t<div class=\"elementor-column elementor-col-100 elementor-top-column elementor-element elementor-element-532543ee\" data-id=\"532543ee\" data-element_type=\"column\" data-e-type=\"column\">\n\t\t\t<div class=\"elementor-widget-wrap elementor-element-populated\">\n\t\t\t\t\t\t<div class=\"elementor-element elementor-element-88788a02 elementor-widget elementor-widget-html\" data-id=\"88788a02\" data-element_type=\"widget\" data-e-type=\"widget\" data-widget_type=\"html.default\">\n\t\t\t\t\t<div class=\"waves-section waves-products-section\"><div class=\"waves-container\"><h2 class=\"waves-page-title\">Our Products<\/h2><div class=\"waves-products-grid\"><div class=\"waves-product-card\"><img decoding=\"async\" src=\"https:\/\/wavessport.com\/wp-content\/uploads\/2026\/04\/waves-128.png\" alt=\"Waves 128 Patik Cilt\"><h3>Waves 128 Leather Ankle Boot<\/h3><\/div><div class=\"waves-product-card\"><img decoding=\"async\" src=\"https:\/\/wavessport.com\/wp-content\/uploads\/2026\/04\/waves-130.png\" alt=\"Waves 130 Patik Cilt\"><h3>Waves 130 Leather Ankle Boot<\/h3><\/div><div class=\"waves-product-card\"><img decoding=\"async\" src=\"https:\/\/wavessport.com\/wp-content\/uploads\/2026\/04\/waves-135.png\" alt=\"Waves 135 Patik Cilt\"><h3>Waves 135 Leather Ankle Boot<\/h3><\/div><div class=\"waves-product-card\"><img decoding=\"async\" src=\"https:\/\/wavessport.com\/wp-content\/uploads\/2026\/04\/waves-210.png\" alt=\"Waves 210 Filet Bot\"><h3>Waves 210 Mesh Boot<\/h3><\/div><div class=\"waves-product-card\"><img decoding=\"async\" src=\"https:\/\/wavessport.com\/wp-content\/uploads\/2026\/04\/waves-200.png\" alt=\"Waves 200 Filet Bot\"><h3>Waves 200 Mesh Boot<\/h3><\/div><div class=\"waves-product-card\"><img decoding=\"async\" src=\"https:\/\/wavessport.com\/wp-content\/uploads\/2026\/04\/waves-220.png\" alt=\"Waves 220 Filet Bot\"><h3>Waves 220 Mesh Boot<\/h3><\/div><\/div><div class=\"waves-products-cta\"><p>For detailed information about wholesale and retail sales <a href=\"\/index.php\/magazalarimiz\/\">our stores<\/a> you can visit the section.<\/p><\/div><\/div><\/div>\t\t\t\t<\/div>\n\t\t\t\t\t<\/div>\n\t\t<\/div>\n\t\t\t\t\t<\/div>\n\t\t<\/section>\n\t\t\t\t<\/div>","protected":false},"excerpt":{"rendered":"\u00dcr\u00fcnlerimiz Waves 128 Patik Cilt Waves 130 Patik Cilt Waves 135 Patik Cilt Waves 210 Filet Bot Waves 200 Filet Bot Waves 220 Filet Bot Toptan ve Perakende sat\u0131\u015f i\u00e7in detayl\u0131 bilgi almak \u00fczere ma\u011fazalar\u0131m\u0131z k\u0131sm\u0131n\u0131 ziyaret edebilirsiniz.","protected":false},"author":0,"featured_media":0,"parent":0,"menu_order":0,"comment_status":"closed","ping_status":"closed","template":"elementor_header_footer","meta":{"footnotes":""},"class_list":["post-30","page","type-page","status-publish","hentry"],"_links":{"self":[{"href":"https:\/\/wavessport.com\/en\/wp-json\/wp\/v2\/pages\/30","targetHints":{"allow":["GET"]}}],"collection":[{"href":"https:\/\/wavessport.com\/en\/wp-json\/wp\/v2\/pages"}],"about":[{"href":"https:\/\/wavessport.com\/en\/wp-json\/wp\/v2\/types\/page"}],"replies":[{"embeddable":true,"href":"https:\/\/wavessport.com\/en\/wp-json\/wp\/v2\/comments?post=30"}],"version-history":[{"count":1,"href":"https:\/\/wavessport.com\/en\/wp-json\/wp\/v2\/pages\/30\/revisions"}],"predecessor-version":[{"id":45,"href":"https:\/\/wavessport.com\/en\/wp-json\/wp\/v2\/pages\/30\/revisions\/45"}],"wp:attachment":[{"href":"https:\/\/wavessport.com\/en\/wp-json\/wp\/v2\/media?parent=30"}],"curies":[{"name":"wp","href":"https:\/\/api.w.org\/{rel}","templated":true}]}}