{"id":31,"date":"2026-04-06T21:23:27","date_gmt":"2026-04-06T21:23:27","guid":{"rendered":"https:\/\/wavessport.com\/magazalarimiz\/"},"modified":"2026-04-06T22:38:00","modified_gmt":"2026-04-06T22:38:00","slug":"magazalarimiz","status":"publish","type":"page","link":"https:\/\/wavessport.com\/en\/magazalarimiz\/","title":{"rendered":"Our Stores"},"content":{"rendered":"<div data-elementor-type=\"wp-page\" data-elementor-id=\"31\" class=\"elementor elementor-31\">\n\t\t\t\t\t\t<section class=\"elementor-section elementor-top-section elementor-element elementor-element-f6be41b7 elementor-section-full_width elementor-section-height-default elementor-section-height-default\" data-id=\"f6be41b7\" data-element_type=\"section\" data-e-type=\"section\">\n\t\t\t\t\t\t<div class=\"elementor-container elementor-column-gap-no\">\n\t\t\t\t\t<div class=\"elementor-column elementor-col-100 elementor-top-column elementor-element elementor-element-5a441a02\" data-id=\"5a441a02\" data-element_type=\"column\" data-e-type=\"column\">\n\t\t\t<div class=\"elementor-widget-wrap elementor-element-populated\">\n\t\t\t\t\t\t<div class=\"elementor-element elementor-element-6a1cb51d elementor-widget elementor-widget-html\" data-id=\"6a1cb51d\" data-element_type=\"widget\" data-e-type=\"widget\" data-widget_type=\"html.default\">\n\t\t\t\t\t<div class=\"waves-stores-hero\" style=\"background-image:url(https:\/\/wavessport.com\/wp-content\/uploads\/2026\/04\/magazalar-bg.jpg)\"><div class=\"waves-stores-overlay\"><div class=\"waves-container waves-stores-grid\"><div class=\"waves-store-card\"><div class=\"waves-store-number\">1<\/div><img decoding=\"async\" src=\"https:\/\/wavessport.com\/wp-content\/uploads\/2026\/04\/toptancimburada-logo.png\" alt=\"Toptanc&#305;mburada\" class=\"waves-store-logo\"><h3>WHOLESALE STORE SALES<\/h3><p>You can visit our wholesale store to explore Waves Sport and more products, and complete your shopping.<\/p><p>We Wish You Happy Shopping In Advance.<\/p><a href=\"https:\/\/www.google.com\/maps\/dir\/\/Toptanc%C4%B1mburada.com\" class=\"waves-btn\" target=\"_blank\" rel=\"noopener\">Go to Store<\/a><\/div><div class=\"waves-store-card\"><div class=\"waves-store-number\">2<\/div><img decoding=\"async\" src=\"https:\/\/wavessport.com\/wp-content\/uploads\/2026\/04\/toptancimburada-logo.png\" alt=\"Toptancimburada\" class=\"waves-store-logo\"><h3>WHOLESALE ONLINE SALES<\/h3><p>You can visit our website to wholesale Waves Sport and many other varied models at affordable prices.<\/p><p>We Wish You Happy Shopping In Advance.<\/p><a href=\"https:\/\/www.toptancimburada.com\/\" class=\"waves-btn\" target=\"_blank\" rel=\"noopener\">Go to Website<\/a><\/div><div class=\"waves-store-card\"><div class=\"waves-store-number\">3<\/div><img decoding=\"async\" src=\"https:\/\/wavessport.com\/wp-content\/uploads\/2026\/04\/bunusevdim-logo.png\" alt=\"Bunu Sevdim\" class=\"waves-store-logo\"><h3>RETAIL ONLINE SALES<\/h3><p>You can visit our online retail website to enjoy the comfort and affordability of Waves Sport.<\/p><p>We Wish You Happy Shopping In Advance.<\/p><a href=\"https:\/\/www.bunusevdim.com\/\" class=\"waves-btn\" target=\"_blank\" rel=\"noopener\">Go to Website<\/a><\/div><\/div><\/div><\/div>\t\t\t\t<\/div>\n\t\t\t\t\t<\/div>\n\t\t<\/div>\n\t\t\t\t\t<\/div>\n\t\t<\/section>\n\t\t\t\t<\/div>","protected":false},"excerpt":{"rendered":"1 TOPTAN MA\u011eAZA SATI\u015e Waves Sport ve daha fazla \u00fcr\u00fcnleri incelemek i\u00e7in toptan sat\u0131\u015f ma\u011fazam\u0131z\u0131 ziyarete gelip al\u0131\u015fveri\u015finizi ger\u00e7ekle\u015ftirebilirsiniz. \u015eimdiden Keyifli Al\u0131\u015fveri\u015fler Dileriz. Ma\u011fazaya Git 2 TOPTAN ONL\u0130NE SATI\u015e Waves Sport ve daha bir \u00e7ok \u00e7e\u015fit modellerimizi uygun fiyata toptan sat\u0131n almak i\u00e7in sitemizi ziyaret edebilirsiniz. \u015eimdiden Keyifli Al\u0131\u015fveri\u015fler Dileriz. Siteye Git 3 PERAKENDE ONL\u0130NE [&hellip;]","protected":false},"author":0,"featured_media":0,"parent":0,"menu_order":0,"comment_status":"closed","ping_status":"closed","template":"elementor_header_footer","meta":{"footnotes":""},"class_list":["post-31","page","type-page","status-publish","hentry"],"_links":{"self":[{"href":"https:\/\/wavessport.com\/en\/wp-json\/wp\/v2\/pages\/31","targetHints":{"allow":["GET"]}}],"collection":[{"href":"https:\/\/wavessport.com\/en\/wp-json\/wp\/v2\/pages"}],"about":[{"href":"https:\/\/wavessport.com\/en\/wp-json\/wp\/v2\/types\/page"}],"replies":[{"embeddable":true,"href":"https:\/\/wavessport.com\/en\/wp-json\/wp\/v2\/comments?post=31"}],"version-history":[{"count":1,"href":"https:\/\/wavessport.com\/en\/wp-json\/wp\/v2\/pages\/31\/revisions"}],"predecessor-version":[{"id":46,"href":"https:\/\/wavessport.com\/en\/wp-json\/wp\/v2\/pages\/31\/revisions\/46"}],"wp:attachment":[{"href":"https:\/\/wavessport.com\/en\/wp-json\/wp\/v2\/media?parent=31"}],"curies":[{"name":"wp","href":"https:\/\/api.w.org\/{rel}","templated":true}]}}