{"id":32,"date":"2026-04-06T21:23:27","date_gmt":"2026-04-06T21:23:27","guid":{"rendered":"https:\/\/wavessport.com\/iletisim\/"},"modified":"2026-04-06T22:38:01","modified_gmt":"2026-04-06T22:38:01","slug":"iletisim","status":"publish","type":"page","link":"https:\/\/wavessport.com\/en\/iletisim\/","title":{"rendered":"Contact"},"content":{"rendered":"<div data-elementor-type=\"wp-page\" data-elementor-id=\"32\" class=\"elementor elementor-32\">\n\t\t\t\t\t\t<section class=\"elementor-section elementor-top-section elementor-element elementor-element-0e712f2b elementor-section-full_width elementor-section-height-default elementor-section-height-default\" data-id=\"0e712f2b\" data-element_type=\"section\" data-e-type=\"section\">\n\t\t\t\t\t\t<div class=\"elementor-container elementor-column-gap-no\">\n\t\t\t\t\t<div class=\"elementor-column elementor-col-100 elementor-top-column elementor-element elementor-element-8992fcc0\" data-id=\"8992fcc0\" data-element_type=\"column\" data-e-type=\"column\">\n\t\t\t<div class=\"elementor-widget-wrap elementor-element-populated\">\n\t\t\t\t\t\t<div class=\"elementor-element elementor-element-15df1618 elementor-widget elementor-widget-html\" data-id=\"15df1618\" data-element_type=\"widget\" data-e-type=\"widget\" data-widget_type=\"html.default\">\n\t\t\t\t\t<div class=\"waves-section waves-contact-section\"><div class=\"waves-container\"><h2 class=\"waves-page-title\">Contact<\/h2><p class=\"waves-contact-intro\">Please fill in the information below to contact us. Your contact information will be kept safe.<\/p><div class=\"waves-contact-grid\"><div class=\"waves-contact-left\"><h2>Send Us a Message<\/h2><form id=\"waves-contact-form\" method=\"post\" action=\"\"><div class=\"waves-form-row\"><div class=\"waves-form-group\"><label>First Name<\/label><input type=\"text\" name=\"ad\" required><\/div><div class=\"waves-form-group\"><label>Last Name<\/label><input type=\"text\" name=\"soyad\" required><\/div><\/div><div class=\"waves-form-group\"><label>Phone<\/label><input type=\"tel\" name=\"telefon\"><\/div><div class=\"waves-form-group\"><label>Email<\/label><input type=\"email\" name=\"email\"><\/div><div class=\"waves-form-group\"><label>Your Message<\/label><textarea name=\"mesaj\" rows=\"5\" placeholder=\"Enter text here\"><\/textarea><\/div><button type=\"submit\" class=\"waves-btn waves-btn-full\">Send<\/button><input type=\"hidden\" name=\"trp-form-language\" value=\"en\"\/><\/form><\/div><div class=\"waves-contact-right\"><h3>Contact Information<\/h3><p><strong>Address:<\/strong> Aksaray Mahallesi Kennedy Caddesi No: 62 Fatih\/Istanbul<\/p><p><strong>Phone:<\/strong> +90 212 518 13 69<\/p><p><strong>Phone:<\/strong> +90 552 544 86 40<\/p><h4>Working Hours<\/h4><p>Monday - Saturday: 08:00 - 19:30<\/p><p>Sunday: 08:00 - 18:00<\/p><div class=\"waves-contact-socials\"><a href=\"https:\/\/www.facebook.com\/wavessportcom\" target=\"_blank\" rel=\"noopener\"><i class=\"fab fa-facebook-f\"><\/i><\/a><a href=\"https:\/\/www.instagram.com\/wavessportcom\/\" target=\"_blank\" rel=\"noopener\"><i class=\"fab fa-instagram\"><\/i><\/a><\/div><\/div><\/div><\/div><\/div>\t\t\t\t<\/div>\n\t\t\t\t\t<\/div>\n\t\t<\/div>\n\t\t\t\t\t<\/div>\n\t\t<\/section>\n\t\t\t\t<\/div>","protected":false},"excerpt":{"rendered":"\u0130leti\u015fim L\u00fctfen a\u015fa\u011f\u0131daki bilgileri doldurarak bizimle ileti\u015fime ge\u00e7in. \u0130leti\u015fim bilgileriniz g\u00fcvende olacakt\u0131r. Bize Mesaj G\u00f6nderin Ad Soyad Telefon E-posta Mesaj\u0131n\u0131z G\u00f6nder \u0130leti\u015fim Bilgileri Adres: Aksaray Mahallesi Kennedy Caddesi No: 62 Fatih\/\u0130stanbul Telefon: +90 212 518 13 69 Telefon: +90 552 544 86 40 \u00c7al\u0131\u015fma Saatleri Pazartesi - Cumartesi: 08:00 - 19:30 Pazar: 08:00 - 18:00","protected":false},"author":0,"featured_media":0,"parent":0,"menu_order":0,"comment_status":"closed","ping_status":"closed","template":"elementor_header_footer","meta":{"footnotes":""},"class_list":["post-32","page","type-page","status-publish","hentry"],"_links":{"self":[{"href":"https:\/\/wavessport.com\/en\/wp-json\/wp\/v2\/pages\/32","targetHints":{"allow":["GET"]}}],"collection":[{"href":"https:\/\/wavessport.com\/en\/wp-json\/wp\/v2\/pages"}],"about":[{"href":"https:\/\/wavessport.com\/en\/wp-json\/wp\/v2\/types\/page"}],"replies":[{"embeddable":true,"href":"https:\/\/wavessport.com\/en\/wp-json\/wp\/v2\/comments?post=32"}],"version-history":[{"count":1,"href":"https:\/\/wavessport.com\/en\/wp-json\/wp\/v2\/pages\/32\/revisions"}],"predecessor-version":[{"id":47,"href":"https:\/\/wavessport.com\/en\/wp-json\/wp\/v2\/pages\/32\/revisions\/47"}],"wp:attachment":[{"href":"https:\/\/wavessport.com\/en\/wp-json\/wp\/v2\/media?parent=32"}],"curies":[{"name":"wp","href":"https:\/\/api.w.org\/{rel}","templated":true}]}}